{"id":2054,"date":"2025-02-21T13:59:56","date_gmt":"2025-02-21T13:59:56","guid":{"rendered":"https:\/\/bateau-ecole-bootsfahrschule.ch\/cours-combines-ad\/"},"modified":"2025-10-29T11:28:25","modified_gmt":"2025-10-29T11:28:25","slug":"cours-combines-ad","status":"publish","type":"page","link":"https:\/\/www.bateau-ecole-bootsfahrschule.ch\/fr\/cours-combines-ad\/","title":{"rendered":"Cours combin\u00e9s A+D"},"content":{"rendered":"\n<div class=\"wp-block-uagb-container uagb-block-03b0edd2 alignfull uagb-is-root-container\"><div class=\"uagb-container-inner-blocks-wrap\">\n<div class=\"wp-block-uagb-advanced-heading uagb-block-f08b6f7a\"><h1 class=\"uagb-heading-text\">Cours combin\u00e9s A+D<\/h1><p class=\"uagb-desc-text\">Nous r\u00e9servons le bateau \u00e0 moteur et le voilier, si les conditions de vent sont bonnes \u21fe cours de voile - si le vent est faible \u21fe cours de bateau \u00e0 moteur.  <\/p><\/div>\n<\/div><\/div>\n\n\n\n<div class=\"wp-block-uagb-container uagb-block-c333eb67 alignfull uagb-is-root-container\"><div class=\"uagb-container-inner-blocks-wrap\">\n\t\t\t<div class=\"wp-block-uagb-post-grid uagb-post-grid  uagb-post__image-position-top uagb-post__image-enabled uagb-block-9a2b4ed0     uagb-post__items uagb-post__columns-3 is-grid uagb-post__columns-tablet-2 uagb-post__columns-mobile-1 uagb-post__equal-height\" data-total=\"1\" style=\"\">\n\n\t\t\t\t\t\t\t\t\t\t\t\t<article class=\"uagb-post__inner-wrap\">\t\t\t\t\t\t\t\t<div class='uagb-post__image'>\n\t\t\t\t\t\t\t\t\t<a href=\"https:\/\/www.bateau-ecole-bootsfahrschule.ch\/fr\/cours-combines-ad\/cours-combine-ad-lecons-individuelles\/\" target=\"_self\" rel=\"bookmark noopener noreferrer\" class='uagb-image-ratio-inherit'><img loading=\"lazy\" decoding=\"async\" width=\"768\" height=\"768\" src=\"https:\/\/www.bateau-ecole-bootsfahrschule.ch\/wp-content\/uploads\/2025\/02\/IMG_3068-1-768x768.jpg\" class=\"attachment-medium_large size-medium_large\" alt=\"\" srcset=\"https:\/\/www.bateau-ecole-bootsfahrschule.ch\/wp-content\/uploads\/2025\/02\/IMG_3068-1-768x768.jpg 768w, https:\/\/www.bateau-ecole-bootsfahrschule.ch\/wp-content\/uploads\/2025\/02\/IMG_3068-1-300x300.jpg 300w, https:\/\/www.bateau-ecole-bootsfahrschule.ch\/wp-content\/uploads\/2025\/02\/IMG_3068-1-1024x1024.jpg 1024w, https:\/\/www.bateau-ecole-bootsfahrschule.ch\/wp-content\/uploads\/2025\/02\/IMG_3068-1-150x150.jpg 150w, https:\/\/www.bateau-ecole-bootsfahrschule.ch\/wp-content\/uploads\/2025\/02\/IMG_3068-1-1536x1536.jpg 1536w, https:\/\/www.bateau-ecole-bootsfahrschule.ch\/wp-content\/uploads\/2025\/02\/IMG_3068-1.jpg 1920w\" sizes=\"auto, (max-width: 768px) 100vw, 768px\" \/>\t\t\t\t\t<\/a>\n\t\t\t\t\t\t\t<\/div>\n\t\t\t\t\t\t<h4 class=\"uagb-post__title uagb-post__text\">\n\t\t\t\t<a href=\"https:\/\/www.bateau-ecole-bootsfahrschule.ch\/fr\/cours-combines-ad\/cours-combine-ad-lecons-individuelles\/\" target=\"_self\" rel=\"bookmark noopener noreferrer\">Cours combin\u00e9 A+D Le\u00e7ons individuelles<\/a>\n\t\t\t<\/h4>\n\t\t\t\t\t\t<div class='uagb-post__text uagb-post-grid-byline'>\n\t\t\t\t\t\t\t<\/div>\n\t\t\t\t\t\t\t<div class='uagb-post__text uagb-post__excerpt'>\n\t\t\t\t\tA partir de CHF 40. Cours combin\u00e9 A+D Le\u00e7ons individuelles\nNous r\u00e9servons le bateau \u00e0 moteur&#8230;\t\t\t\t<\/div>\n\t\t\t\t\t\t<div class=\"uagb-post__text uagb-post__cta wp-block-button\">\n\t\t\t\t<a class=\"wp-block-button__link uagb-text-link\" style=\"\" href=\"https:\/\/www.bateau-ecole-bootsfahrschule.ch\/fr\/cours-combines-ad\/cours-combine-ad-lecons-individuelles\/\" target=\"_self\" rel=\"bookmark noopener noreferrer\">Lire la suite<\/a>\n\t\t\t<\/div>\n\t\t\t\n\t\t\t\t\t\t\t\t\t<\/article>\n\t\t\t\t\t\t\t\t\t\t\t\t\t\t\t\t<article class=\"uagb-post__inner-wrap\">\t\t\t\t\t\t\t\t<div class='uagb-post__image'>\n\t\t\t\t\t\t\t\t\t<a href=\"https:\/\/www.bateau-ecole-bootsfahrschule.ch\/fr\/cours-combines-ad\/cours-combine-ad-cours-de-week-end\/\" target=\"_self\" rel=\"bookmark noopener noreferrer\" class='uagb-image-ratio-inherit'><img loading=\"lazy\" decoding=\"async\" width=\"768\" height=\"841\" src=\"https:\/\/www.bateau-ecole-bootsfahrschule.ch\/wp-content\/uploads\/2025\/02\/IMG_5414-768x841.jpg\" class=\"attachment-medium_large size-medium_large\" alt=\"\" srcset=\"https:\/\/www.bateau-ecole-bootsfahrschule.ch\/wp-content\/uploads\/2025\/02\/IMG_5414-768x841.jpg 768w, https:\/\/www.bateau-ecole-bootsfahrschule.ch\/wp-content\/uploads\/2025\/02\/IMG_5414-274x300.jpg 274w, https:\/\/www.bateau-ecole-bootsfahrschule.ch\/wp-content\/uploads\/2025\/02\/IMG_5414-935x1024.jpg 935w, https:\/\/www.bateau-ecole-bootsfahrschule.ch\/wp-content\/uploads\/2025\/02\/IMG_5414.jpg 1215w\" sizes=\"auto, (max-width: 768px) 100vw, 768px\" \/>\t\t\t\t\t<\/a>\n\t\t\t\t\t\t\t<\/div>\n\t\t\t\t\t\t<h4 class=\"uagb-post__title uagb-post__text\">\n\t\t\t\t<a href=\"https:\/\/www.bateau-ecole-bootsfahrschule.ch\/fr\/cours-combines-ad\/cours-combine-ad-cours-de-week-end\/\" target=\"_self\" rel=\"bookmark noopener noreferrer\">Cours combin\u00e9 A+D Cours week-end<\/a>\n\t\t\t<\/h4>\n\t\t\t\t\t\t<div class='uagb-post__text uagb-post-grid-byline'>\n\t\t\t\t\t\t\t<\/div>\n\t\t\t\t\t\t\t<div class='uagb-post__text uagb-post__excerpt'>\n\t\t\t\t\tVous passerez l&rsquo;examen de voile au sein de l&rsquo;\u00e9cole, sur le bateau de formation de&#8230;\t\t\t\t<\/div>\n\t\t\t\t\t\t<div class=\"uagb-post__text uagb-post__cta wp-block-button\">\n\t\t\t\t<a class=\"wp-block-button__link uagb-text-link\" style=\"\" href=\"https:\/\/www.bateau-ecole-bootsfahrschule.ch\/fr\/cours-combines-ad\/cours-combine-ad-cours-de-week-end\/\" target=\"_self\" rel=\"bookmark noopener noreferrer\">Lire la suite<\/a>\n\t\t\t<\/div>\n\t\t\t\n\t\t\t\t\t\t\t\t\t<\/article>\n\t\t\t\t\t\t\t\t\t\t\t\t\t\t\t\t<article class=\"uagb-post__inner-wrap\">\t\t\t\t\t\t\t\t<div class='uagb-post__image'>\n\t\t\t\t\t\t\t\t\t<a href=\"https:\/\/www.bateau-ecole-bootsfahrschule.ch\/fr\/cours-combines-ad\/cours-combine-ad-cours-semaine\/\" target=\"_self\" rel=\"bookmark noopener noreferrer\" class='uagb-image-ratio-inherit'><img loading=\"lazy\" decoding=\"async\" width=\"768\" height=\"513\" src=\"https:\/\/www.bateau-ecole-bootsfahrschule.ch\/wp-content\/uploads\/2025\/02\/2020-11-11-768x513.jpg\" class=\"attachment-medium_large size-medium_large\" alt=\"\" srcset=\"https:\/\/www.bateau-ecole-bootsfahrschule.ch\/wp-content\/uploads\/2025\/02\/2020-11-11-768x513.jpg 768w, https:\/\/www.bateau-ecole-bootsfahrschule.ch\/wp-content\/uploads\/2025\/02\/2020-11-11-300x201.jpg 300w, https:\/\/www.bateau-ecole-bootsfahrschule.ch\/wp-content\/uploads\/2025\/02\/2020-11-11-1024x684.jpg 1024w, https:\/\/www.bateau-ecole-bootsfahrschule.ch\/wp-content\/uploads\/2025\/02\/2020-11-11.jpg 1360w\" sizes=\"auto, (max-width: 768px) 100vw, 768px\" \/>\t\t\t\t\t<\/a>\n\t\t\t\t\t\t\t<\/div>\n\t\t\t\t\t\t<h4 class=\"uagb-post__title uagb-post__text\">\n\t\t\t\t<a href=\"https:\/\/www.bateau-ecole-bootsfahrschule.ch\/fr\/cours-combines-ad\/cours-combine-ad-cours-semaine\/\" target=\"_self\" rel=\"bookmark noopener noreferrer\">Cours combin\u00e9 A+D Cours semaine<\/a>\n\t\t\t<\/h4>\n\t\t\t\t\t\t<div class='uagb-post__text uagb-post-grid-byline'>\n\t\t\t\t\t\t\t<\/div>\n\t\t\t\t\t\t\t<div class='uagb-post__text uagb-post__excerpt'>\n\t\t\t\t\tLes personnes qui souhaitent passer l&rsquo;examen pratique directement apr\u00e8s le cours doivent non seulement r\u00e9ussir&#8230;\t\t\t\t<\/div>\n\t\t\t\t\t\t<div class=\"uagb-post__text uagb-post__cta wp-block-button\">\n\t\t\t\t<a class=\"wp-block-button__link uagb-text-link\" style=\"\" href=\"https:\/\/www.bateau-ecole-bootsfahrschule.ch\/fr\/cours-combines-ad\/cours-combine-ad-cours-semaine\/\" target=\"_self\" rel=\"bookmark noopener noreferrer\">Lire la suite<\/a>\n\t\t\t<\/div>\n\t\t\t\n\t\t\t\t\t\t\t\t\t<\/article>\n\t\t\t\t\t\t\t\t\t\t\t<\/div>\n\t\t\t<\/div><\/div>\n\n\n\n<div class=\"wp-block-uagb-container uagb-block-a0200235 alignfull uagb-is-root-container\"><div class=\"uagb-container-inner-blocks-wrap\">\n<div class=\"wp-block-uagb-call-to-action uagb-block-c9597051 wp-block-button\"><div class=\"uagb-cta__wrap\"><h3 class=\"uagb-cta__title\">D\u00e9couvrez nos derni\u00e8res impressions sur Instagram.<\/h3><\/div><div class=\"uagb-cta__buttons\"><a href=\"https:\/\/www.instagram.com\/bateau_ecole_bootsfahrschule\/\" class=\"uagb-cta__button-link-wrapper wp-block-button__link\" target=\"_blank\" rel=\"noopener noreferrer\">Suivez-nous sur Instagram<\/a><\/div><\/div>\n\n\n\n<div class=\"wp-block-uagb-container uagb-layout-grid uagb-block-1e9a4002\">\n<div class=\"wp-block-uagb-image uagb-block-4675924b wp-block-uagb-image--layout-default wp-block-uagb-image--effect-static wp-block-uagb-image--align-none\"><figure class=\"wp-block-uagb-image__figure\"><img decoding=\"async\" srcset=\"https:\/\/www.bateau-ecole-bootsfahrschule.ch\/wp-content\/uploads\/2025\/02\/9EE0B336-7125-4F95-B091-428CDF49B10D-1024x768.jpeg ,https:\/\/www.bateau-ecole-bootsfahrschule.ch\/wp-content\/uploads\/2025\/02\/9EE0B336-7125-4F95-B091-428CDF49B10D.jpeg 780w, https:\/\/www.bateau-ecole-bootsfahrschule.ch\/wp-content\/uploads\/2025\/02\/9EE0B336-7125-4F95-B091-428CDF49B10D.jpeg 360w\" sizes=\"auto, (max-width: 480px) 150px\" src=\"https:\/\/www.bateau-ecole-bootsfahrschule.ch\/wp-content\/uploads\/2025\/02\/9EE0B336-7125-4F95-B091-428CDF49B10D-1024x768.jpeg\" alt=\"Bateau_Ecole_J80_Hauterive\" class=\"uag-image-988\" width=\"262\" height=\"262\" title=\"Bateau_Ecole_J80_Hauterive\" loading=\"lazy\" role=\"img\"\/><\/figure><\/div>\n\n\n\n<div class=\"wp-block-uagb-image uagb-block-6fe0df3f wp-block-uagb-image--layout-default wp-block-uagb-image--effect-static wp-block-uagb-image--align-none\"><figure class=\"wp-block-uagb-image__figure\"><img decoding=\"async\" srcset=\"https:\/\/www.bateau-ecole-bootsfahrschule.ch\/wp-content\/uploads\/2025\/03\/IMG_7896-1024x768.jpeg ,https:\/\/www.bateau-ecole-bootsfahrschule.ch\/wp-content\/uploads\/2025\/03\/IMG_7896.jpeg 780w, https:\/\/www.bateau-ecole-bootsfahrschule.ch\/wp-content\/uploads\/2025\/03\/IMG_7896.jpeg 360w\" sizes=\"auto, (max-width: 480px) 150px\" src=\"https:\/\/www.bateau-ecole-bootsfahrschule.ch\/wp-content\/uploads\/2025\/03\/IMG_7896-1024x768.jpeg\" alt=\"R\u00e9gate_J70\" class=\"uag-image-1286\" width=\"262\" height=\"262\" title=\"R\u00e9gate_J70\" loading=\"lazy\" role=\"img\"\/><\/figure><\/div>\n\n\n\n<div class=\"wp-block-uagb-image uagb-block-37cfb130 wp-block-uagb-image--layout-default wp-block-uagb-image--effect-static wp-block-uagb-image--align-none\"><figure class=\"wp-block-uagb-image__figure\"><img decoding=\"async\" srcset=\"https:\/\/www.bateau-ecole-bootsfahrschule.ch\/wp-content\/uploads\/2025\/02\/IMG_1537-1024x768.jpg ,https:\/\/www.bateau-ecole-bootsfahrschule.ch\/wp-content\/uploads\/2025\/02\/IMG_1537.jpg 780w, https:\/\/www.bateau-ecole-bootsfahrschule.ch\/wp-content\/uploads\/2025\/02\/IMG_1537.jpg 360w\" sizes=\"auto, (max-width: 480px) 150px\" src=\"https:\/\/www.bateau-ecole-bootsfahrschule.ch\/wp-content\/uploads\/2025\/02\/IMG_1537-1024x768.jpg\" alt=\"Port_d'Hauterive\" class=\"uag-image-968\" width=\"262\" height=\"262\" title=\"Port_d'Hauterive\" loading=\"lazy\" role=\"img\"\/><\/figure><\/div>\n\n\n\n<div class=\"wp-block-uagb-image uagb-block-31249b68 wp-block-uagb-image--layout-default wp-block-uagb-image--effect-static wp-block-uagb-image--align-none\"><figure class=\"wp-block-uagb-image__figure\"><img decoding=\"async\" srcset=\"https:\/\/www.bateau-ecole-bootsfahrschule.ch\/wp-content\/uploads\/2025\/03\/IMG_7557-1024x768.jpeg ,https:\/\/www.bateau-ecole-bootsfahrschule.ch\/wp-content\/uploads\/2025\/03\/IMG_7557.jpeg 780w, https:\/\/www.bateau-ecole-bootsfahrschule.ch\/wp-content\/uploads\/2025\/03\/IMG_7557.jpeg 360w\" sizes=\"auto, (max-width: 480px) 150px\" src=\"https:\/\/www.bateau-ecole-bootsfahrschule.ch\/wp-content\/uploads\/2025\/03\/IMG_7557-1024x768.jpeg\" alt=\"Lac_Neuch\u00e2tel\" class=\"uag-image-1266\" width=\"262\" height=\"262\" title=\"Lac_Neuch\u00e2tel\" loading=\"lazy\" role=\"img\"\/><\/figure><\/div>\n\n\n\n<div class=\"wp-block-uagb-image uagb-block-4f36728d wp-block-uagb-image--layout-default wp-block-uagb-image--effect-static wp-block-uagb-image--align-none uag-hide-tab\"><figure class=\"wp-block-uagb-image__figure\"><img decoding=\"async\" srcset=\"https:\/\/www.bateau-ecole-bootsfahrschule.ch\/wp-content\/uploads\/2025\/02\/DSC01405-1024x768.jpg ,https:\/\/www.bateau-ecole-bootsfahrschule.ch\/wp-content\/uploads\/2025\/02\/DSC01405.jpg 780w, https:\/\/www.bateau-ecole-bootsfahrschule.ch\/wp-content\/uploads\/2025\/02\/DSC01405.jpg 360w\" sizes=\"auto, (max-width: 480px) 150px\" src=\"https:\/\/www.bateau-ecole-bootsfahrschule.ch\/wp-content\/uploads\/2025\/02\/DSC01405-1024x768.jpg\" alt=\"Bateau_Ecole_Hauterive\" class=\"uag-image-822\" width=\"262\" height=\"262\" title=\"Bateau_Ecole_Hauterive\" loading=\"lazy\" role=\"img\"\/><\/figure><\/div>\n<\/div>\n<\/div><\/div>\n\n\n\n<div class=\"wp-block-uagb-container uagb-block-9f047c00 alignfull uagb-is-root-container\"><div class=\"uagb-container-inner-blocks-wrap\">\n<div class=\"wp-block-uagb-container uagb-block-8ac3f7a9\">\n<div class=\"wp-block-uagb-info-box uagb-block-8023fb24 uagb-infobox__content-wrap  uagb-infobox-icon-above-title uagb-infobox-image-valign-top\"><div class=\"uagb-ifb-content\"><div class=\"uagb-ifb-title-wrap\"><h2 class=\"uagb-ifb-title\">Commencez votre aventure sur l&rsquo;eau !<\/h2><\/div><p class=\"uagb-ifb-desc\">N&rsquo;h\u00e9sitez pas, venez avec nous pour un voyage inoubliable.<br\/>Inscrivez-vous d\u00e8s maintenant et d\u00e9couvrez le monde du nautisme. <br\/>Nous vous attendons avec impatience !  <\/p><div class=\"uagb-ifb-button-wrapper wp-block-button\"><a href=\"https:\/\/www.bateau-ecole-bootsfahrschule.ch\/fr\/contact\/\" class=\"uagb-infobox-cta-link wp-block-button__link\" target=\"_self\" rel=\"noopener noreferrer\" onclick=\"return true;\"><span class=\"uagb-inline-editing\">S&rsquo;inscrire maintenant<\/span><\/a><\/div><\/div><\/div>\n<\/div>\n<\/div><\/div>\n","protected":false},"excerpt":{"rendered":"<p>Cours combin\u00e9s A+D Nous r\u00e9servons le bateau \u00e0 moteur et le voilier, si les conditions de vent sont bonnes \u21fe [&hellip;]<\/p>\n","protected":false},"author":4,"featured_media":0,"parent":0,"menu_order":0,"comment_status":"closed","ping_status":"closed","template":"","meta":{"_uag_custom_page_level_css":"","site-sidebar-layout":"default","site-content-layout":"","ast-site-content-layout":"default","site-content-style":"default","site-sidebar-style":"default","ast-global-header-display":"","ast-banner-title-visibility":"","ast-main-header-display":"","ast-hfb-above-header-display":"","ast-hfb-below-header-display":"","ast-hfb-mobile-header-display":"","site-post-title":"disabled","ast-breadcrumbs-content":"","ast-featured-img":"","footer-sml-layout":"","ast-disable-related-posts":"","theme-transparent-header-meta":"","adv-header-id-meta":"","stick-header-meta":"","header-above-stick-meta":"","header-main-stick-meta":"","header-below-stick-meta":"","astra-migrate-meta-layouts":"default","ast-page-background-enabled":"default","ast-page-background-meta":{"desktop":{"background-color":"var(--ast-global-color-4)","background-image":"","background-repeat":"repeat","background-position":"center center","background-size":"auto","background-attachment":"scroll","background-type":"","background-media":"","overlay-type":"","overlay-color":"","overlay-opacity":"","overlay-gradient":""},"tablet":{"background-color":"","background-image":"","background-repeat":"repeat","background-position":"center center","background-size":"auto","background-attachment":"scroll","background-type":"","background-media":"","overlay-type":"","overlay-color":"","overlay-opacity":"","overlay-gradient":""},"mobile":{"background-color":"","background-image":"","background-repeat":"repeat","background-position":"center center","background-size":"auto","background-attachment":"scroll","background-type":"","background-media":"","overlay-type":"","overlay-color":"","overlay-opacity":"","overlay-gradient":""}},"ast-content-background-meta":{"desktop":{"background-color":"var(--ast-global-color-5)","background-image":"","background-repeat":"repeat","background-position":"center center","background-size":"auto","background-attachment":"scroll","background-type":"","background-media":"","overlay-type":"","overlay-color":"","overlay-opacity":"","overlay-gradient":""},"tablet":{"background-color":"var(--ast-global-color-5)","background-image":"","background-repeat":"repeat","background-position":"center center","background-size":"auto","background-attachment":"scroll","background-type":"","background-media":"","overlay-type":"","overlay-color":"","overlay-opacity":"","overlay-gradient":""},"mobile":{"background-color":"var(--ast-global-color-5)","background-image":"","background-repeat":"repeat","background-position":"center center","background-size":"auto","background-attachment":"scroll","background-type":"","background-media":"","overlay-type":"","overlay-color":"","overlay-opacity":"","overlay-gradient":""}},"footnotes":""},"class_list":["post-2054","page","type-page","status-publish","hentry"],"yoast_head":"<!-- This site is optimized with the Yoast SEO plugin v27.3 - https:\/\/yoast.com\/product\/yoast-seo-wordpress\/ -->\n<title>Cours combin\u00e9s A+D - Bateau Ecole Bootsfahrschule Hauterive - Lat\u00e9na<\/title>\n<meta name=\"robots\" content=\"index, follow, max-snippet:-1, max-image-preview:large, max-video-preview:-1\" \/>\n<link rel=\"canonical\" href=\"https:\/\/www.bateau-ecole-bootsfahrschule.ch\/fr\/cours-combines-ad\/\" \/>\n<meta property=\"og:locale\" content=\"fr_FR\" \/>\n<meta property=\"og:type\" content=\"article\" \/>\n<meta property=\"og:title\" content=\"Cours combin\u00e9s A+D - Bateau Ecole Bootsfahrschule Hauterive - Lat\u00e9na\" \/>\n<meta property=\"og:description\" content=\"Cours combin\u00e9s A+D Nous r\u00e9servons le bateau \u00e0 moteur et le voilier, si les conditions de vent sont bonnes \u21fe [&hellip;]\" \/>\n<meta property=\"og:url\" content=\"https:\/\/www.bateau-ecole-bootsfahrschule.ch\/fr\/cours-combines-ad\/\" \/>\n<meta property=\"og:site_name\" content=\"Bateau Ecole Bootsfahrschule Hauterive - Lat\u00e9na\" \/>\n<meta property=\"article:publisher\" content=\"https:\/\/www.youtube.com\/@Segelschule-HauteriveCH\" \/>\n<meta property=\"article:modified_time\" content=\"2025-10-29T11:28:25+00:00\" \/>\n<meta property=\"og:image\" content=\"https:\/\/www.bateau-ecole-bootsfahrschule.ch\/wp-content\/uploads\/2025\/02\/Motorbootkurs-Woche.webp\" \/>\n\t<meta property=\"og:image:width\" content=\"1662\" \/>\n\t<meta property=\"og:image:height\" content=\"936\" \/>\n\t<meta property=\"og:image:type\" content=\"image\/webp\" \/>\n<meta name=\"twitter:card\" content=\"summary_large_image\" \/>\n<script type=\"application\/ld+json\" class=\"yoast-schema-graph\">{\"@context\":\"https:\\\/\\\/schema.org\",\"@graph\":[{\"@type\":\"WebPage\",\"@id\":\"https:\\\/\\\/www.bateau-ecole-bootsfahrschule.ch\\\/fr\\\/cours-combines-ad\\\/\",\"url\":\"https:\\\/\\\/www.bateau-ecole-bootsfahrschule.ch\\\/fr\\\/cours-combines-ad\\\/\",\"name\":\"Cours combin\u00e9s A+D - Bateau Ecole Bootsfahrschule Hauterive - Lat\u00e9na\",\"isPartOf\":{\"@id\":\"https:\\\/\\\/www.bateau-ecole-bootsfahrschule.ch\\\/fr\\\/#website\"},\"datePublished\":\"2025-02-21T13:59:56+00:00\",\"dateModified\":\"2025-10-29T11:28:25+00:00\",\"breadcrumb\":{\"@id\":\"https:\\\/\\\/www.bateau-ecole-bootsfahrschule.ch\\\/fr\\\/cours-combines-ad\\\/#breadcrumb\"},\"inLanguage\":\"fr-FR\",\"potentialAction\":[{\"@type\":\"ReadAction\",\"target\":[\"https:\\\/\\\/www.bateau-ecole-bootsfahrschule.ch\\\/fr\\\/cours-combines-ad\\\/\"]}]},{\"@type\":\"BreadcrumbList\",\"@id\":\"https:\\\/\\\/www.bateau-ecole-bootsfahrschule.ch\\\/fr\\\/cours-combines-ad\\\/#breadcrumb\",\"itemListElement\":[{\"@type\":\"ListItem\",\"position\":1,\"name\":\"Startseite\",\"item\":\"https:\\\/\\\/www.bateau-ecole-bootsfahrschule.ch\\\/fr\\\/\"},{\"@type\":\"ListItem\",\"position\":2,\"name\":\"Cours combin\u00e9s A+D\"}]},{\"@type\":\"WebSite\",\"@id\":\"https:\\\/\\\/www.bateau-ecole-bootsfahrschule.ch\\\/fr\\\/#website\",\"url\":\"https:\\\/\\\/www.bateau-ecole-bootsfahrschule.ch\\\/fr\\\/\",\"name\":\"Bateau Ecole Bootsfahrschule Hauterive - Lat\u00e9na\",\"description\":\"\",\"publisher\":{\"@id\":\"https:\\\/\\\/www.bateau-ecole-bootsfahrschule.ch\\\/fr\\\/#organization\"},\"potentialAction\":[{\"@type\":\"SearchAction\",\"target\":{\"@type\":\"EntryPoint\",\"urlTemplate\":\"https:\\\/\\\/www.bateau-ecole-bootsfahrschule.ch\\\/fr\\\/?s={search_term_string}\"},\"query-input\":{\"@type\":\"PropertyValueSpecification\",\"valueRequired\":true,\"valueName\":\"search_term_string\"}}],\"inLanguage\":\"fr-FR\"},{\"@type\":\"Organization\",\"@id\":\"https:\\\/\\\/www.bateau-ecole-bootsfahrschule.ch\\\/fr\\\/#organization\",\"name\":\"Bateau Ecole Bootsfahrschule Hauterive - Lat\u00e9na\",\"url\":\"https:\\\/\\\/www.bateau-ecole-bootsfahrschule.ch\\\/fr\\\/\",\"logo\":{\"@type\":\"ImageObject\",\"inLanguage\":\"fr-FR\",\"@id\":\"https:\\\/\\\/www.bateau-ecole-bootsfahrschule.ch\\\/fr\\\/#\\\/schema\\\/logo\\\/image\\\/\",\"url\":\"https:\\\/\\\/www.bateau-ecole-bootsfahrschule.ch\\\/wp-content\\\/uploads\\\/2025\\\/02\\\/Motorbootkurs-Woche.webp\",\"contentUrl\":\"https:\\\/\\\/www.bateau-ecole-bootsfahrschule.ch\\\/wp-content\\\/uploads\\\/2025\\\/02\\\/Motorbootkurs-Woche.webp\",\"width\":1662,\"height\":936,\"caption\":\"Bateau Ecole Bootsfahrschule Hauterive - Lat\u00e9na\"},\"image\":{\"@id\":\"https:\\\/\\\/www.bateau-ecole-bootsfahrschule.ch\\\/fr\\\/#\\\/schema\\\/logo\\\/image\\\/\"},\"sameAs\":[\"https:\\\/\\\/www.youtube.com\\\/@Segelschule-HauteriveCH\",\"https:\\\/\\\/www.facebook.com\\\/BateauEcoleBootsfahrschuleHauterive\\\/\",\"https:\\\/\\\/www.instagram.com\\\/bateau_ecole_bootsfahrschule\\\/\"]}]}<\/script>\n<!-- \/ Yoast SEO plugin. -->","yoast_head_json":{"title":"Cours combin\u00e9s A+D - Bateau Ecole Bootsfahrschule Hauterive - Lat\u00e9na","robots":{"index":"index","follow":"follow","max-snippet":"max-snippet:-1","max-image-preview":"max-image-preview:large","max-video-preview":"max-video-preview:-1"},"canonical":"https:\/\/www.bateau-ecole-bootsfahrschule.ch\/fr\/cours-combines-ad\/","og_locale":"fr_FR","og_type":"article","og_title":"Cours combin\u00e9s A+D - Bateau Ecole Bootsfahrschule Hauterive - Lat\u00e9na","og_description":"Cours combin\u00e9s A+D Nous r\u00e9servons le bateau \u00e0 moteur et le voilier, si les conditions de vent sont bonnes \u21fe [&hellip;]","og_url":"https:\/\/www.bateau-ecole-bootsfahrschule.ch\/fr\/cours-combines-ad\/","og_site_name":"Bateau Ecole Bootsfahrschule Hauterive - Lat\u00e9na","article_publisher":"https:\/\/www.youtube.com\/@Segelschule-HauteriveCH","article_modified_time":"2025-10-29T11:28:25+00:00","og_image":[{"width":1662,"height":936,"url":"https:\/\/www.bateau-ecole-bootsfahrschule.ch\/wp-content\/uploads\/2025\/02\/Motorbootkurs-Woche.webp","type":"image\/webp"}],"twitter_card":"summary_large_image","schema":{"@context":"https:\/\/schema.org","@graph":[{"@type":"WebPage","@id":"https:\/\/www.bateau-ecole-bootsfahrschule.ch\/fr\/cours-combines-ad\/","url":"https:\/\/www.bateau-ecole-bootsfahrschule.ch\/fr\/cours-combines-ad\/","name":"Cours combin\u00e9s A+D - Bateau Ecole Bootsfahrschule Hauterive - Lat\u00e9na","isPartOf":{"@id":"https:\/\/www.bateau-ecole-bootsfahrschule.ch\/fr\/#website"},"datePublished":"2025-02-21T13:59:56+00:00","dateModified":"2025-10-29T11:28:25+00:00","breadcrumb":{"@id":"https:\/\/www.bateau-ecole-bootsfahrschule.ch\/fr\/cours-combines-ad\/#breadcrumb"},"inLanguage":"fr-FR","potentialAction":[{"@type":"ReadAction","target":["https:\/\/www.bateau-ecole-bootsfahrschule.ch\/fr\/cours-combines-ad\/"]}]},{"@type":"BreadcrumbList","@id":"https:\/\/www.bateau-ecole-bootsfahrschule.ch\/fr\/cours-combines-ad\/#breadcrumb","itemListElement":[{"@type":"ListItem","position":1,"name":"Startseite","item":"https:\/\/www.bateau-ecole-bootsfahrschule.ch\/fr\/"},{"@type":"ListItem","position":2,"name":"Cours combin\u00e9s A+D"}]},{"@type":"WebSite","@id":"https:\/\/www.bateau-ecole-bootsfahrschule.ch\/fr\/#website","url":"https:\/\/www.bateau-ecole-bootsfahrschule.ch\/fr\/","name":"Bateau Ecole Bootsfahrschule Hauterive - Lat\u00e9na","description":"","publisher":{"@id":"https:\/\/www.bateau-ecole-bootsfahrschule.ch\/fr\/#organization"},"potentialAction":[{"@type":"SearchAction","target":{"@type":"EntryPoint","urlTemplate":"https:\/\/www.bateau-ecole-bootsfahrschule.ch\/fr\/?s={search_term_string}"},"query-input":{"@type":"PropertyValueSpecification","valueRequired":true,"valueName":"search_term_string"}}],"inLanguage":"fr-FR"},{"@type":"Organization","@id":"https:\/\/www.bateau-ecole-bootsfahrschule.ch\/fr\/#organization","name":"Bateau Ecole Bootsfahrschule Hauterive - Lat\u00e9na","url":"https:\/\/www.bateau-ecole-bootsfahrschule.ch\/fr\/","logo":{"@type":"ImageObject","inLanguage":"fr-FR","@id":"https:\/\/www.bateau-ecole-bootsfahrschule.ch\/fr\/#\/schema\/logo\/image\/","url":"https:\/\/www.bateau-ecole-bootsfahrschule.ch\/wp-content\/uploads\/2025\/02\/Motorbootkurs-Woche.webp","contentUrl":"https:\/\/www.bateau-ecole-bootsfahrschule.ch\/wp-content\/uploads\/2025\/02\/Motorbootkurs-Woche.webp","width":1662,"height":936,"caption":"Bateau Ecole Bootsfahrschule Hauterive - Lat\u00e9na"},"image":{"@id":"https:\/\/www.bateau-ecole-bootsfahrschule.ch\/fr\/#\/schema\/logo\/image\/"},"sameAs":["https:\/\/www.youtube.com\/@Segelschule-HauteriveCH","https:\/\/www.facebook.com\/BateauEcoleBootsfahrschuleHauterive\/","https:\/\/www.instagram.com\/bateau_ecole_bootsfahrschule\/"]}]}},"uagb_featured_image_src":{"full":false,"thumbnail":false,"medium":false,"medium_large":false,"large":false,"1536x1536":false,"2048x2048":false},"uagb_author_info":{"display_name":"vee4soszwpul","author_link":"https:\/\/www.bateau-ecole-bootsfahrschule.ch\/fr\/author\/vee4soszwpul\/"},"uagb_comment_info":0,"uagb_excerpt":"Cours combin\u00e9s A+D Nous r\u00e9servons le bateau \u00e0 moteur et le voilier, si les conditions de vent sont bonnes \u21fe [&hellip;]","_links":{"self":[{"href":"https:\/\/www.bateau-ecole-bootsfahrschule.ch\/fr\/wp-json\/wp\/v2\/pages\/2054","targetHints":{"allow":["GET"]}}],"collection":[{"href":"https:\/\/www.bateau-ecole-bootsfahrschule.ch\/fr\/wp-json\/wp\/v2\/pages"}],"about":[{"href":"https:\/\/www.bateau-ecole-bootsfahrschule.ch\/fr\/wp-json\/wp\/v2\/types\/page"}],"author":[{"embeddable":true,"href":"https:\/\/www.bateau-ecole-bootsfahrschule.ch\/fr\/wp-json\/wp\/v2\/users\/4"}],"replies":[{"embeddable":true,"href":"https:\/\/www.bateau-ecole-bootsfahrschule.ch\/fr\/wp-json\/wp\/v2\/comments?post=2054"}],"version-history":[{"count":2,"href":"https:\/\/www.bateau-ecole-bootsfahrschule.ch\/fr\/wp-json\/wp\/v2\/pages\/2054\/revisions"}],"predecessor-version":[{"id":2777,"href":"https:\/\/www.bateau-ecole-bootsfahrschule.ch\/fr\/wp-json\/wp\/v2\/pages\/2054\/revisions\/2777"}],"wp:attachment":[{"href":"https:\/\/www.bateau-ecole-bootsfahrschule.ch\/fr\/wp-json\/wp\/v2\/media?parent=2054"}],"curies":[{"name":"wp","href":"https:\/\/api.w.org\/{rel}","templated":true}]}}